{"id":1189,"date":"2023-05-22T16:02:01","date_gmt":"2023-05-22T14:02:01","guid":{"rendered":"https:\/\/theeyeswideopen.eu\/?page_id=1189"},"modified":"2024-04-24T10:51:58","modified_gmt":"2024-04-24T08:51:58","slug":"laureat%c2%b7es-edition-1-brg","status":"publish","type":"page","link":"https:\/\/theeyeswideopen.eu\/en\/laureat%c2%b7es-edition-1-brg\/","title":{"rendered":"Winner edition #1 BRG"},"content":{"rendered":"\t\t<div data-elementor-type=\"wp-page\" data-elementor-id=\"1189\" class=\"elementor elementor-1189 elementor-1174\">\n\t\t\t\t\t\t\t\t\t<section class=\"elementor-section elementor-top-section elementor-element elementor-element-3810b20a elementor-section-full_width elementor-section-height-default elementor-section-height-default\" data-id=\"3810b20a\" data-element_type=\"section\">\n\t\t\t\t\t\t<div class=\"elementor-container elementor-column-gap-default\">\n\t\t\t\t\t<div class=\"elementor-column elementor-col-100 elementor-top-column elementor-element elementor-element-1e6a21ee\" data-id=\"1e6a21ee\" data-element_type=\"column\">\n\t\t\t<div class=\"elementor-widget-wrap elementor-element-populated\">\n\t\t\t\t\t\t\t\t<div class=\"elementor-element elementor-element-3df5c4d elementor-widget elementor-widget-spacer\" data-id=\"3df5c4d\" data-element_type=\"widget\" data-widget_type=\"spacer.default\">\n\t\t\t\t<div class=\"elementor-widget-container\">\n\t\t\t<style>\/*! elementor - v3.7.8 - 02-10-2022 *\/\n.elementor-column .elementor-spacer-inner{height:var(--spacer-size)}.e-container{--container-widget-width:100%}.e-container>.elementor-widget-spacer{width:var(--container-widget-width,var(--spacer-size));-ms-flex-item-align:stretch;align-self:stretch;-ms-flex-negative:0;flex-shrink:0}.e-container>.elementor-widget-spacer>.elementor-widget-container,.e-container>.elementor-widget-spacer>.elementor-widget-container>.elementor-spacer{height:100%}.e-container>.elementor-widget-spacer>.elementor-widget-container>.elementor-spacer>.elementor-spacer-inner{height:var(--container-widget-height,var(--spacer-size))}<\/style>\t\t<div class=\"elementor-spacer\">\n\t\t\t<div class=\"elementor-spacer-inner\"><\/div>\n\t\t<\/div>\n\t\t\t\t<\/div>\n\t\t\t\t<\/div>\n\t\t\t\t\t<\/div>\n\t\t<\/div>\n\t\t\t\t\t\t\t<\/div>\n\t\t<\/section>\n\t\t\t\t<section class=\"elementor-section elementor-top-section elementor-element elementor-element-2e08001 elementor-section-boxed elementor-section-height-default elementor-section-height-default\" data-id=\"2e08001\" data-element_type=\"section\">\n\t\t\t\t\t\t<div class=\"elementor-container elementor-column-gap-default\">\n\t\t\t\t\t<div class=\"elementor-column elementor-col-100 elementor-top-column elementor-element elementor-element-44ae9fb\" data-id=\"44ae9fb\" data-element_type=\"column\">\n\t\t\t<div class=\"elementor-widget-wrap elementor-element-populated\">\n\t\t\t\t\t\t\t\t<div class=\"elementor-element elementor-element-8579135 elementor-widget elementor-widget-heading\" data-id=\"8579135\" data-element_type=\"widget\" data-widget_type=\"heading.default\">\n\t\t\t\t<div class=\"elementor-widget-container\">\n\t\t\t<style>\/*! elementor - v3.7.8 - 02-10-2022 *\/\n.elementor-heading-title{padding:0;margin:0;line-height:1}.elementor-widget-heading .elementor-heading-title[class*=elementor-size-]>a{color:inherit;font-size:inherit;line-height:inherit}.elementor-widget-heading .elementor-heading-title.elementor-size-small{font-size:15px}.elementor-widget-heading .elementor-heading-title.elementor-size-medium{font-size:19px}.elementor-widget-heading .elementor-heading-title.elementor-size-large{font-size:29px}.elementor-widget-heading .elementor-heading-title.elementor-size-xl{font-size:39px}.elementor-widget-heading .elementor-heading-title.elementor-size-xxl{font-size:59px}<\/style><h2 class=\"elementor-heading-title elementor-size-default\">WINNERS <br>1ST EDITION <\/h2>\t\t<\/div>\n\t\t\t\t<\/div>\n\t\t\t\t\t<\/div>\n\t\t<\/div>\n\t\t\t\t\t\t\t<\/div>\n\t\t<\/section>\n\t\t\t\t<section class=\"elementor-section elementor-top-section elementor-element elementor-element-ecc946c elementor-section-boxed elementor-section-height-default elementor-section-height-default\" data-id=\"ecc946c\" data-element_type=\"section\">\n\t\t\t\t\t\t<div class=\"elementor-container elementor-column-gap-default\">\n\t\t\t\t\t<div class=\"elementor-column elementor-col-100 elementor-top-column elementor-element elementor-element-5d4c83a\" data-id=\"5d4c83a\" data-element_type=\"column\">\n\t\t\t<div class=\"elementor-widget-wrap elementor-element-populated\">\n\t\t\t\t\t\t\t\t<div class=\"elementor-element elementor-element-1d2f69e elementor-widget elementor-widget-text-editor\" data-id=\"1d2f69e\" data-element_type=\"widget\" data-widget_type=\"text-editor.default\">\n\t\t\t\t<div class=\"elementor-widget-container\">\n\t\t\t<style>\/*! elementor - v3.7.8 - 02-10-2022 *\/\n.elementor-widget-text-editor.elementor-drop-cap-view-stacked .elementor-drop-cap{background-color:#818a91;color:#fff}.elementor-widget-text-editor.elementor-drop-cap-view-framed .elementor-drop-cap{color:#818a91;border:3px solid;background-color:transparent}.elementor-widget-text-editor:not(.elementor-drop-cap-view-default) .elementor-drop-cap{margin-top:8px}.elementor-widget-text-editor:not(.elementor-drop-cap-view-default) .elementor-drop-cap-letter{width:1em;height:1em}.elementor-widget-text-editor .elementor-drop-cap{float:left;text-align:center;line-height:1;font-size:50px}.elementor-widget-text-editor .elementor-drop-cap-letter{display:inline-block}<\/style>\t\t\t\t<p><strong>CHARLES THIEFAINE<\/strong> &#8211; French photographer<br \/><strong>ALIKI CHRISTOFOROU<\/strong> &#8211; Greek-belgian photographer<\/p>\n<p>Each award-winning photographer will receive \u20ac4,000 and accommodation in S\u00e8te to carry out his or her project. Working from the same territory &#8211; for this first edition, the Occitanie region &#8211; the two photographers each produced a committed photographic project, the results of which were shared at events in S\u00e8te (November 2023) and Tangier (November-December 2023).<\/p>\n<p><em>This program is supported by Montpellier 2028 &#8211; European Capital of Culture, <\/em><em>ImageSinguli\u00e8res, the Rencontres photographiques Face \u00e0 la Mer and the Mairie de S\u00e8te. In <\/em><em>tribute to the French photographer Ronan Guillou, who died in 2022.<\/em><\/p>\n\t\t\t\t\t\t<\/div>\n\t\t\t\t<\/div>\n\t\t\t\t\t<\/div>\n\t\t<\/div>\n\t\t\t\t\t\t\t<\/div>\n\t\t<\/section>\n\t\t\t\t<section class=\"elementor-section elementor-top-section elementor-element elementor-element-ceb8ef2 elementor-section-boxed elementor-section-height-default elementor-section-height-default\" data-id=\"ceb8ef2\" data-element_type=\"section\">\n\t\t\t\t\t\t<div class=\"elementor-container elementor-column-gap-default\">\n\t\t\t\t\t<div class=\"elementor-column elementor-col-100 elementor-top-column elementor-element elementor-element-012fde7\" data-id=\"012fde7\" data-element_type=\"column\">\n\t\t\t<div class=\"elementor-widget-wrap elementor-element-populated\">\n\t\t\t\t\t\t\t\t<div class=\"elementor-element elementor-element-8700023 elementor-widget elementor-widget-heading\" data-id=\"8700023\" data-element_type=\"widget\" data-widget_type=\"heading.default\">\n\t\t\t\t<div class=\"elementor-widget-container\">\n\t\t\t<h2 class=\"elementor-heading-title elementor-size-default\"><font face=\"Raleway, sans-serif\"><span style=\"font-size: 25px;\">CHARLES THIEFAINE \"Z<\/span><\/font><\/h2>\t\t<\/div>\n\t\t\t\t<\/div>\n\t\t\t\t\t<\/div>\n\t\t<\/div>\n\t\t\t\t\t\t\t<\/div>\n\t\t<\/section>\n\t\t\t\t<section class=\"elementor-section elementor-top-section elementor-element elementor-element-a10e304 elementor-section-boxed elementor-section-height-default elementor-section-height-default\" data-id=\"a10e304\" data-element_type=\"section\">\n\t\t\t\t\t\t<div class=\"elementor-container elementor-column-gap-default\">\n\t\t\t\t\t<div class=\"elementor-column elementor-col-50 elementor-top-column elementor-element elementor-element-eb42dc6\" data-id=\"eb42dc6\" data-element_type=\"column\">\n\t\t\t<div class=\"elementor-widget-wrap elementor-element-populated\">\n\t\t\t\t\t\t\t\t<div class=\"elementor-element elementor-element-5e3328f elementor-widget elementor-widget-image\" data-id=\"5e3328f\" data-element_type=\"widget\" data-widget_type=\"image.default\">\n\t\t\t\t<div class=\"elementor-widget-container\">\n\t\t\t<style>\/*! elementor - v3.7.8 - 02-10-2022 *\/\n.elementor-widget-image{text-align:center}.elementor-widget-image a{display:inline-block}.elementor-widget-image a img[src$=\".svg\"]{width:48px}.elementor-widget-image img{vertical-align:middle;display:inline-block}<\/style>\t\t\t\t\t\t\t\t\t\t\t\t<img loading=\"lazy\" decoding=\"async\" width=\"811\" height=\"1024\" src=\"https:\/\/theeyeswideopen.eu\/wp-content\/uploads\/2023\/10\/000099370001-copie-811x1024.jpg\" class=\"attachment-large size-large\" alt=\"\" \/>\t\t\t\t\t\t\t\t\t\t\t\t\t\t\t<\/div>\n\t\t\t\t<\/div>\n\t\t\t\t<div class=\"elementor-element elementor-element-53850a8 elementor-widget elementor-widget-text-editor\" data-id=\"53850a8\" data-element_type=\"widget\" data-widget_type=\"text-editor.default\">\n\t\t\t\t<div class=\"elementor-widget-container\">\n\t\t\t\t\t\t\t<p>Charles Thiefaine<\/p>\n\t\t\t\t\t\t<\/div>\n\t\t\t\t<\/div>\n\t\t\t\t\t<\/div>\n\t\t<\/div>\n\t\t\t\t<div class=\"elementor-column elementor-col-50 elementor-top-column elementor-element elementor-element-8525db9\" data-id=\"8525db9\" data-element_type=\"column\">\n\t\t\t<div class=\"elementor-widget-wrap elementor-element-populated\">\n\t\t\t\t\t\t\t\t<div class=\"elementor-element elementor-element-642bfd1 elementor-widget elementor-widget-image\" data-id=\"642bfd1\" data-element_type=\"widget\" data-widget_type=\"image.default\">\n\t\t\t\t<div class=\"elementor-widget-container\">\n\t\t\t\t\t\t\t\t\t\t\t\t\t\t\t<img loading=\"lazy\" decoding=\"async\" width=\"1024\" height=\"840\" src=\"https:\/\/theeyeswideopen.eu\/wp-content\/uploads\/2023\/10\/000099490009-copie-1-1024x840.jpg\" class=\"attachment-large size-large\" alt=\"\" \/>\t\t\t\t\t\t\t\t\t\t\t\t\t\t\t<\/div>\n\t\t\t\t<\/div>\n\t\t\t\t<div class=\"elementor-element elementor-element-c9b5ba1 elementor-widget elementor-widget-text-editor\" data-id=\"c9b5ba1\" data-element_type=\"widget\" data-widget_type=\"text-editor.default\">\n\t\t\t\t<div class=\"elementor-widget-container\">\n\t\t\t\t\t\t\t<p>Charles Thiefaine<\/p>\n\t\t\t\t\t\t<\/div>\n\t\t\t\t<\/div>\n\t\t\t\t\t<\/div>\n\t\t<\/div>\n\t\t\t\t\t\t\t<\/div>\n\t\t<\/section>\n\t\t\t\t<section class=\"elementor-section elementor-top-section elementor-element elementor-element-b0ede4b elementor-section-boxed elementor-section-height-default elementor-section-height-default\" data-id=\"b0ede4b\" data-element_type=\"section\">\n\t\t\t\t\t\t<div class=\"elementor-container elementor-column-gap-default\">\n\t\t\t\t\t<div class=\"elementor-column elementor-col-100 elementor-top-column elementor-element elementor-element-fb0e5ce\" data-id=\"fb0e5ce\" data-element_type=\"column\">\n\t\t\t<div class=\"elementor-widget-wrap elementor-element-populated\">\n\t\t\t\t\t\t\t\t<div class=\"elementor-element elementor-element-65f4365 elementor-widget elementor-widget-text-editor\" data-id=\"65f4365\" data-element_type=\"widget\" data-widget_type=\"text-editor.default\">\n\t\t\t\t<div class=\"elementor-widget-container\">\n\t\t\t\t\t\t\t<p><b>FRENCH PHOTOGRAPHER BORN IN 1991<\/b><\/p>\n<p>Photographer and journalist from Roubaix, Charles Thiefaine lives between France and the Middle East where he leads artistic projects such as Iraq &#8211; territory, Ala Allah, and more recently Walking with Dragons. His practice is on the border between documentary and point-of-view photography. He discovers and arranges stories that seem evocative to him and tries to propose a singular document around territories marked notably by periods of conflict. Charles Thiefaine collaborates with the French press (M le monde, Lib\u00e9ration, Mouvement) and international press (Washington Post, T le temps, Vice). His work is also the subject of exhibitions (Circulation(s), Rencontres du X\u00e8me, Copenhagen Photo festival) and a book to be released in 2021 (Tahrir).<\/p>\n<p><strong>DEVELOPED PROJECT: &#8220;Z<\/strong><\/p>\n<p><span class=\"OYPEnA text-decoration-none text-strikethrough-none\">Charles Thiefaine<\/span><span class=\"OYPEnA text-decoration-none text-strikethrough-none\">is a portrait of the inhabitants of Ile de Thau, a working-class district in the north of S\u00e8te. By meeting a boxer, an apprentice fisherman and a group of young beach-goers, he has documented a cosmopolitan, mixed-race territory built on water, while introducing the imaginary and creating new narratives. The images in his &#8220;Z&#8221; series reflect the complexity of a marginalized place, capturing the poetry of its landscapes and people. The series invites the viewer to reflect on life on the water&#8217;s edge and the citizenship of the sea.<\/span><\/p>\n\t\t\t\t\t\t<\/div>\n\t\t\t\t<\/div>\n\t\t\t\t\t<\/div>\n\t\t<\/div>\n\t\t\t\t\t\t\t<\/div>\n\t\t<\/section>\n\t\t\t\t<section class=\"elementor-section elementor-top-section elementor-element elementor-element-805e38c elementor-section-boxed elementor-section-height-default elementor-section-height-default\" data-id=\"805e38c\" data-element_type=\"section\">\n\t\t\t\t\t\t<div class=\"elementor-container elementor-column-gap-default\">\n\t\t\t\t\t<div class=\"elementor-column elementor-col-100 elementor-top-column elementor-element elementor-element-2e0d813\" data-id=\"2e0d813\" data-element_type=\"column\">\n\t\t\t<div class=\"elementor-widget-wrap elementor-element-populated\">\n\t\t\t\t\t\t\t\t<div class=\"elementor-element elementor-element-bbfc762 elementor-widget elementor-widget-heading\" data-id=\"bbfc762\" data-element_type=\"widget\" data-widget_type=\"heading.default\">\n\t\t\t\t<div class=\"elementor-widget-container\">\n\t\t\t<h2 class=\"elementor-heading-title elementor-size-default\"><font face=\"Raleway, sans-serif\"><span style=\"font-size: 25px;\">ALIKI CHRITOFOROU \"SUBMERGED PERSPECTIVES<\/span><\/font><\/h2>\t\t<\/div>\n\t\t\t\t<\/div>\n\t\t\t\t\t<\/div>\n\t\t<\/div>\n\t\t\t\t\t\t\t<\/div>\n\t\t<\/section>\n\t\t\t\t<section class=\"elementor-section elementor-top-section elementor-element elementor-element-279fc46 elementor-section-boxed elementor-section-height-default elementor-section-height-default\" data-id=\"279fc46\" data-element_type=\"section\">\n\t\t\t\t\t\t<div class=\"elementor-container elementor-column-gap-default\">\n\t\t\t\t\t<div class=\"elementor-column elementor-col-50 elementor-top-column elementor-element elementor-element-17bd594\" data-id=\"17bd594\" data-element_type=\"column\">\n\t\t\t<div class=\"elementor-widget-wrap elementor-element-populated\">\n\t\t\t\t\t\t\t\t<div class=\"elementor-element elementor-element-42c1d2e elementor-widget elementor-widget-image\" data-id=\"42c1d2e\" data-element_type=\"widget\" data-widget_type=\"image.default\">\n\t\t\t\t<div class=\"elementor-widget-container\">\n\t\t\t\t\t\t\t\t\t\t\t\t\t\t\t<img loading=\"lazy\" decoding=\"async\" width=\"786\" height=\"1024\" src=\"https:\/\/theeyeswideopen.eu\/wp-content\/uploads\/2023\/10\/Aliki_03-copie-786x1024.jpg\" class=\"attachment-large size-large\" alt=\"\" \/>\t\t\t\t\t\t\t\t\t\t\t\t\t\t\t<\/div>\n\t\t\t\t<\/div>\n\t\t\t\t<div class=\"elementor-element elementor-element-4a5fd04 elementor-widget elementor-widget-text-editor\" data-id=\"4a5fd04\" data-element_type=\"widget\" data-widget_type=\"text-editor.default\">\n\t\t\t\t<div class=\"elementor-widget-container\">\n\t\t\t\t\t\t\t<p>Aliki Christoforou <\/p>\n\t\t\t\t\t\t<\/div>\n\t\t\t\t<\/div>\n\t\t\t\t\t<\/div>\n\t\t<\/div>\n\t\t\t\t<div class=\"elementor-column elementor-col-50 elementor-top-column elementor-element elementor-element-fca3f35\" data-id=\"fca3f35\" data-element_type=\"column\">\n\t\t\t<div class=\"elementor-widget-wrap elementor-element-populated\">\n\t\t\t\t\t\t\t\t<div class=\"elementor-element elementor-element-1a43eb4 elementor-widget elementor-widget-image\" data-id=\"1a43eb4\" data-element_type=\"widget\" data-widget_type=\"image.default\">\n\t\t\t\t<div class=\"elementor-widget-container\">\n\t\t\t\t\t\t\t\t\t\t\t\t\t\t\t<img loading=\"lazy\" decoding=\"async\" width=\"1024\" height=\"786\" src=\"https:\/\/theeyeswideopen.eu\/wp-content\/uploads\/2023\/10\/Aliki_02-copie-1024x786.jpg\" class=\"attachment-large size-large\" alt=\"\" \/>\t\t\t\t\t\t\t\t\t\t\t\t\t\t\t<\/div>\n\t\t\t\t<\/div>\n\t\t\t\t<div class=\"elementor-element elementor-element-82e43a4 elementor-widget elementor-widget-text-editor\" data-id=\"82e43a4\" data-element_type=\"widget\" data-widget_type=\"text-editor.default\">\n\t\t\t\t<div class=\"elementor-widget-container\">\n\t\t\t\t\t\t\t<p>Aliki Christoforou <\/p>\n\t\t\t\t\t\t<\/div>\n\t\t\t\t<\/div>\n\t\t\t\t\t<\/div>\n\t\t<\/div>\n\t\t\t\t\t\t\t<\/div>\n\t\t<\/section>\n\t\t\t\t<section class=\"elementor-section elementor-top-section elementor-element elementor-element-2be2729 elementor-section-boxed elementor-section-height-default elementor-section-height-default\" data-id=\"2be2729\" data-element_type=\"section\">\n\t\t\t\t\t\t<div class=\"elementor-container elementor-column-gap-default\">\n\t\t\t\t\t<div class=\"elementor-column elementor-col-100 elementor-top-column elementor-element elementor-element-d503996\" data-id=\"d503996\" data-element_type=\"column\">\n\t\t\t<div class=\"elementor-widget-wrap elementor-element-populated\">\n\t\t\t\t\t\t\t\t<div class=\"elementor-element elementor-element-6a133f2 elementor-widget elementor-widget-text-editor\" data-id=\"6a133f2\" data-element_type=\"widget\" data-widget_type=\"text-editor.default\">\n\t\t\t\t<div class=\"elementor-widget-container\">\n\t\t\t\t\t\t\t<p>GREEK-BELGIAN PHOTOGRAPHER, BORN IN 1992<\/p>\n<p>Born in 1992 in Brussels, Aliki Christoforou is a Belgian-Greek visual artist who lives and works between Belgium and Greece. After working as an architect and set designer, she decided to move away from her professional activity to devote herself to her artistic practice. In 2020 she joins the master of photography and visual arts of La Cambre, in Brussels. In 2021, she won the Libraryman Award and published her first book, &#8220;Anamnesis&#8221;. Imbued with his two cultures, his work revolves around ecological and social issues and invites reflection on our present time.<\/p>\n<p>PROJECT DEVELOPED: &#8220;SUBMERGED PERSPECTIVES<\/p>\n<p>Aliki Christoforou, presents the &#8220;Perspectives submerg\u00e9es&#8221; project, a research project that plunges us into the phenomenon of jellyfish proliferation. Between overfishing, plastic proliferation, global warming and water acidification, jellyfish are taking advantage of the upheavals caused by human beings. This proposal examines the turbulence of Mediterranean waters: is it possible for jellyfish to be agents of ecological and political resistance to human-induced violence? (Series produced in collaboration with Nausica)<\/p>\n\t\t\t\t\t\t<\/div>\n\t\t\t\t<\/div>\n\t\t\t\t\t<\/div>\n\t\t<\/div>\n\t\t\t\t\t\t\t<\/div>\n\t\t<\/section>\n\t\t\t\t<section class=\"elementor-section elementor-top-section elementor-element elementor-element-0722e6e elementor-section-boxed elementor-section-height-default elementor-section-height-default\" data-id=\"0722e6e\" data-element_type=\"section\">\n\t\t\t\t\t\t<div class=\"elementor-container elementor-column-gap-default\">\n\t\t\t\t\t<div class=\"elementor-column elementor-col-100 elementor-top-column elementor-element elementor-element-6bfb09e\" data-id=\"6bfb09e\" data-element_type=\"column\">\n\t\t\t<div class=\"elementor-widget-wrap elementor-element-populated\">\n\t\t\t\t\t\t\t\t<div class=\"elementor-element elementor-element-184ed0e elementor-widget elementor-widget-heading\" data-id=\"184ed0e\" data-element_type=\"widget\" data-widget_type=\"heading.default\">\n\t\t\t\t<div class=\"elementor-widget-container\">\n\t\t\t<h2 class=\"elementor-heading-title elementor-size-default\"><font face=\"Raleway, sans-serif\"><span style=\"font-size: 25px;\">SCHEDULE <\/span><\/font><\/h2>\t\t<\/div>\n\t\t\t\t<\/div>\n\t\t\t\t\t<\/div>\n\t\t<\/div>\n\t\t\t\t\t\t\t<\/div>\n\t\t<\/section>\n\t\t\t\t<section class=\"elementor-section elementor-top-section elementor-element elementor-element-63e5df7 elementor-section-boxed elementor-section-height-default elementor-section-height-default\" data-id=\"63e5df7\" data-element_type=\"section\">\n\t\t\t\t\t\t<div class=\"elementor-container elementor-column-gap-default\">\n\t\t\t\t\t<div class=\"elementor-column elementor-col-100 elementor-top-column elementor-element elementor-element-cc567ce\" data-id=\"cc567ce\" data-element_type=\"column\">\n\t\t\t<div class=\"elementor-widget-wrap elementor-element-populated\">\n\t\t\t\t\t\t\t\t<div class=\"elementor-element elementor-element-eb174a8 elementor-widget elementor-widget-text-editor\" data-id=\"eb174a8\" data-element_type=\"widget\" data-widget_type=\"text-editor.default\">\n\t\t\t\t<div class=\"elementor-widget-container\">\n\t\t\t\t\t\t\t<p><strong>MAY 18TH TO JUNE 18TH 2023<\/strong><br \/><em>creation time<\/em><\/p>\n<p><strong>NOVEMBER 2023<\/strong><br \/><em>Restitution of projects at S\u00e8te station as part of the SNCF Gares et connexions program<\/em><\/p>\n<p><strong>NOVEMBER \/ DECEMBER 2023<\/strong><br \/><em>Project presentation at Tangier Festival Face \u00e0 La Mer, Talk CIVIS MARITIMUS with winners<\/em><\/p>\n\t\t\t\t\t\t<\/div>\n\t\t\t\t<\/div>\n\t\t\t\t\t<\/div>\n\t\t<\/div>\n\t\t\t\t\t\t\t<\/div>\n\t\t<\/section>\n\t\t\t\t\t\t\t<\/div>\n\t\t","protected":false},"excerpt":{"rendered":"<p>WINNERS 1ST EDITION CHARLES THIEFAINE &#8211; French photographerALIKI CHRISTOFOROU &#8211; Greek-belgian photographer Each award-winning photographer will receive \u20ac4,000 and accommodation in S\u00e8te to carry out his or her project. Working from the same territory &#8211; for this first edition, the Occitanie region &#8211; the two photographers each produced a committed photographic project, the results of which were shared at events &hellip;<\/p>\n","protected":false},"author":1,"featured_media":0,"parent":0,"menu_order":0,"comment_status":"closed","ping_status":"closed","template":"obelisk-builder.php","meta":{"_monsterinsights_skip_tracking":false,"_monsterinsights_sitenote_active":false,"_monsterinsights_sitenote_note":"","_monsterinsights_sitenote_category":0,"footnotes":""},"class_list":["post-1189","page","type-page","status-publish","hentry"],"aioseo_notices":[],"_links":{"self":[{"href":"https:\/\/theeyeswideopen.eu\/en\/wp-json\/wp\/v2\/pages\/1189","targetHints":{"allow":["GET"]}}],"collection":[{"href":"https:\/\/theeyeswideopen.eu\/en\/wp-json\/wp\/v2\/pages"}],"about":[{"href":"https:\/\/theeyeswideopen.eu\/en\/wp-json\/wp\/v2\/types\/page"}],"author":[{"embeddable":true,"href":"https:\/\/theeyeswideopen.eu\/en\/wp-json\/wp\/v2\/users\/1"}],"replies":[{"embeddable":true,"href":"https:\/\/theeyeswideopen.eu\/en\/wp-json\/wp\/v2\/comments?post=1189"}],"version-history":[{"count":10,"href":"https:\/\/theeyeswideopen.eu\/en\/wp-json\/wp\/v2\/pages\/1189\/revisions"}],"predecessor-version":[{"id":1738,"href":"https:\/\/theeyeswideopen.eu\/en\/wp-json\/wp\/v2\/pages\/1189\/revisions\/1738"}],"wp:attachment":[{"href":"https:\/\/theeyeswideopen.eu\/en\/wp-json\/wp\/v2\/media?parent=1189"}],"curies":[{"name":"wp","href":"https:\/\/api.w.org\/{rel}","templated":true}]}}